{"id":982,"date":"2025-12-19T10:56:40","date_gmt":"2025-12-19T10:56:40","guid":{"rendered":"https:\/\/amai.inage.gov.mz\/?page_id=689"},"modified":"2025-12-19T10:56:40","modified_gmt":"2025-12-19T10:56:40","slug":"resultados-esperados","status":"publish","type":"page","link":"https:\/\/amai.inage.gov.mz\/?page_id=982","title":{"rendered":"Resultados Esperados"},"content":{"rendered":"<p>Deste modo, a AMAI pretende contribuir entre outros para garantir a efic\u00e1cia e efici\u00eancia na gest\u00e3o das organiza\u00e7\u00f5es, atrav\u00e9s de:<br \/>1. Melhoria do desempenho individual do auditor interno;<br \/>2. Melhoria do desempenho das organiza\u00e7\u00f5es p\u00fablicas e privadas;<br \/>3. Assessoria no estabelecimento de parcerias p\u00fablico-privadas, acordos e contratos internacionais;<br \/>4. Institucionalizar a carreira de auditor no Sector P\u00fablico; e<br \/>5. Cultivar o princ\u00edpio para estabelecimento de uma Auditoria de excel\u00eancia.<\/p>\n","protected":false},"excerpt":{"rendered":"<p>Deste modo, a AMAI pretende contribuir entre outros para garantir a efic\u00e1cia e efici\u00eancia na gest\u00e3o das organiza\u00e7\u00f5es, atrav\u00e9s de:1. Melhoria do desempenho individual do auditor interno;2. Melhoria do desempenho das organiza\u00e7\u00f5es p\u00fablicas e privadas;3. Assessoria no estabelecimento de parcerias p\u00fablico-privadas, acordos e contratos internacionais;4. Institucionalizar a carreira de auditor no Sector P\u00fablico; e5. Cultivar [&hellip;]<\/p>\n","protected":false},"author":1,"featured_media":0,"parent":0,"menu_order":0,"comment_status":"closed","ping_status":"closed","template":"","meta":{"footnotes":""},"class_list":["post-982","page","type-page","status-publish","hentry"],"_links":{"self":[{"href":"https:\/\/amai.inage.gov.mz\/index.php?rest_route=\/wp\/v2\/pages\/982","targetHints":{"allow":["GET"]}}],"collection":[{"href":"https:\/\/amai.inage.gov.mz\/index.php?rest_route=\/wp\/v2\/pages"}],"about":[{"href":"https:\/\/amai.inage.gov.mz\/index.php?rest_route=\/wp\/v2\/types\/page"}],"author":[{"embeddable":true,"href":"https:\/\/amai.inage.gov.mz\/index.php?rest_route=\/wp\/v2\/users\/1"}],"replies":[{"embeddable":true,"href":"https:\/\/amai.inage.gov.mz\/index.php?rest_route=%2Fwp%2Fv2%2Fcomments&post=982"}],"version-history":[{"count":0,"href":"https:\/\/amai.inage.gov.mz\/index.php?rest_route=\/wp\/v2\/pages\/982\/revisions"}],"wp:attachment":[{"href":"https:\/\/amai.inage.gov.mz\/index.php?rest_route=%2Fwp%2Fv2%2Fmedia&parent=982"}],"curies":[{"name":"wp","href":"https:\/\/api.w.org\/{rel}","templated":true}]}}