{"id":975,"date":"2025-12-19T10:52:07","date_gmt":"2025-12-19T10:52:07","guid":{"rendered":"https:\/\/amai.inage.gov.mz\/?page_id=684"},"modified":"2025-12-19T10:52:07","modified_gmt":"2025-12-19T10:52:07","slug":"objectivos-estrategicos","status":"publish","type":"page","link":"https:\/\/amai.inage.gov.mz\/?page_id=975","title":{"rendered":"Objectivos Estrat\u00e9gicos"},"content":{"rendered":"<p>Criar nova mentalidade incentivando os seus membros em mais valias como a forma\u00e7\u00e3o e troca de experi\u00eancias no \u00e2mbito da ci\u00eancia e tecnologia;<br \/>Promover a eleva\u00e7\u00e3o da conduta moral e deontol\u00f3gica dos seus membros; e<br \/>Incentivar o seu aperfei\u00e7oamento t\u00e9cnico e cient\u00edfico, atrav\u00e9s da investiga\u00e7\u00e3o dos princ\u00edpios, sistemas e m\u00e9todos de auditoria interna, bem como a sua divulga\u00e7\u00e3o no seio dos organismos p\u00fablicos ou privados.<\/p>\n","protected":false},"excerpt":{"rendered":"<p>Criar nova mentalidade incentivando os seus membros em mais valias como a forma\u00e7\u00e3o e troca de experi\u00eancias no \u00e2mbito da ci\u00eancia e tecnologia;Promover a eleva\u00e7\u00e3o da conduta moral e deontol\u00f3gica dos seus membros; eIncentivar o seu aperfei\u00e7oamento t\u00e9cnico e cient\u00edfico, atrav\u00e9s da investiga\u00e7\u00e3o dos princ\u00edpios, sistemas e m\u00e9todos de auditoria interna, bem como a sua [&hellip;]<\/p>\n","protected":false},"author":1,"featured_media":0,"parent":0,"menu_order":0,"comment_status":"closed","ping_status":"closed","template":"","meta":{"footnotes":""},"class_list":["post-975","page","type-page","status-publish","hentry"],"_links":{"self":[{"href":"https:\/\/amai.inage.gov.mz\/index.php?rest_route=\/wp\/v2\/pages\/975","targetHints":{"allow":["GET"]}}],"collection":[{"href":"https:\/\/amai.inage.gov.mz\/index.php?rest_route=\/wp\/v2\/pages"}],"about":[{"href":"https:\/\/amai.inage.gov.mz\/index.php?rest_route=\/wp\/v2\/types\/page"}],"author":[{"embeddable":true,"href":"https:\/\/amai.inage.gov.mz\/index.php?rest_route=\/wp\/v2\/users\/1"}],"replies":[{"embeddable":true,"href":"https:\/\/amai.inage.gov.mz\/index.php?rest_route=%2Fwp%2Fv2%2Fcomments&post=975"}],"version-history":[{"count":0,"href":"https:\/\/amai.inage.gov.mz\/index.php?rest_route=\/wp\/v2\/pages\/975\/revisions"}],"wp:attachment":[{"href":"https:\/\/amai.inage.gov.mz\/index.php?rest_route=%2Fwp%2Fv2%2Fmedia&parent=975"}],"curies":[{"name":"wp","href":"https:\/\/api.w.org\/{rel}","templated":true}]}}