{"id":974,"date":"2025-12-19T10:50:47","date_gmt":"2025-12-19T10:50:47","guid":{"rendered":"https:\/\/amai.inage.gov.mz\/?page_id=682"},"modified":"2025-12-19T10:50:47","modified_gmt":"2025-12-19T10:50:47","slug":"como-surge","status":"publish","type":"page","link":"https:\/\/amai.inage.gov.mz\/?page_id=974","title":{"rendered":"Como surge"},"content":{"rendered":"<p>Integrada no Processo do desenvolvimento Nacional;<br \/>Consequ\u00eancia da globaliza\u00e7\u00e3o do mundo em geral;<br \/>Combina\u00e7\u00e3o de esfor\u00e7os entre o governo e a sociedade civil;<br \/>Resposta \u00e0s exig\u00eancias que se colocam a diversos n\u00edveis;<br \/>Acompanhar a din\u00e2mica que o processo de desenvolvimento imprime;<br \/>Decis\u00e3o dos profissionais ligados aos trabalhos de auditoria interna e identificados com os objectivos e c\u00f3digo de \u00e9tica do Instituto de Auditores Internos\u00a0 com sede em Florida nos EUA. O IIA \u00e9 um organismo de grande prest\u00edgio internacional e agrega mais de 110.000 membros em todo mundo. Nos \u00faltimos anos tem conhecido um franco crescimento.<\/p>\n","protected":false},"excerpt":{"rendered":"<p>Integrada no Processo do desenvolvimento Nacional;Consequ\u00eancia da globaliza\u00e7\u00e3o do mundo em geral;Combina\u00e7\u00e3o de esfor\u00e7os entre o governo e a sociedade civil;Resposta \u00e0s exig\u00eancias que se colocam a diversos n\u00edveis;Acompanhar a din\u00e2mica que o processo de desenvolvimento imprime;Decis\u00e3o dos profissionais ligados aos trabalhos de auditoria interna e identificados com os objectivos e c\u00f3digo de \u00e9tica do [&hellip;]<\/p>\n","protected":false},"author":1,"featured_media":0,"parent":0,"menu_order":0,"comment_status":"closed","ping_status":"closed","template":"","meta":{"footnotes":""},"class_list":["post-974","page","type-page","status-publish","hentry"],"_links":{"self":[{"href":"https:\/\/amai.inage.gov.mz\/index.php?rest_route=\/wp\/v2\/pages\/974","targetHints":{"allow":["GET"]}}],"collection":[{"href":"https:\/\/amai.inage.gov.mz\/index.php?rest_route=\/wp\/v2\/pages"}],"about":[{"href":"https:\/\/amai.inage.gov.mz\/index.php?rest_route=\/wp\/v2\/types\/page"}],"author":[{"embeddable":true,"href":"https:\/\/amai.inage.gov.mz\/index.php?rest_route=\/wp\/v2\/users\/1"}],"replies":[{"embeddable":true,"href":"https:\/\/amai.inage.gov.mz\/index.php?rest_route=%2Fwp%2Fv2%2Fcomments&post=974"}],"version-history":[{"count":0,"href":"https:\/\/amai.inage.gov.mz\/index.php?rest_route=\/wp\/v2\/pages\/974\/revisions"}],"wp:attachment":[{"href":"https:\/\/amai.inage.gov.mz\/index.php?rest_route=%2Fwp%2Fv2%2Fmedia&parent=974"}],"curies":[{"name":"wp","href":"https:\/\/api.w.org\/{rel}","templated":true}]}}