{"id":973,"date":"2025-12-19T10:24:53","date_gmt":"2025-12-19T10:24:53","guid":{"rendered":"https:\/\/amai.inage.gov.mz\/?page_id=679"},"modified":"2025-12-19T10:24:53","modified_gmt":"2025-12-19T10:24:53","slug":"quem-somos","status":"publish","type":"page","link":"https:\/\/amai.inage.gov.mz\/?page_id=973","title":{"rendered":"Quem Somos"},"content":{"rendered":"<p>A auditoria interna tem de estar preparada para acompanhar a din\u00e2mica de desenvolvimento do mercado, prestigiando a profiss\u00e3o do auditor interno em Mo\u00e7ambique e promovendo a obten\u00e7\u00e3o de certifica\u00e7\u00f5es internacionais.<\/p>\n<picture><source srcset=\"..\/img\/Formaao02.webp\" type=\"image\/webp\" data-srcset=\"..\/img\/Formaao02.webp\" \/><\/picture>\n","protected":false},"excerpt":{"rendered":"<p>A auditoria interna tem de estar preparada para acompanhar a din\u00e2mica de desenvolvimento do mercado, prestigiando a profiss\u00e3o do auditor interno em Mo\u00e7ambique e promovendo a obten\u00e7\u00e3o de certifica\u00e7\u00f5es internacionais.<\/p>\n","protected":false},"author":1,"featured_media":0,"parent":0,"menu_order":0,"comment_status":"closed","ping_status":"closed","template":"","meta":{"footnotes":""},"class_list":["post-973","page","type-page","status-publish","hentry"],"_links":{"self":[{"href":"https:\/\/amai.inage.gov.mz\/index.php?rest_route=\/wp\/v2\/pages\/973","targetHints":{"allow":["GET"]}}],"collection":[{"href":"https:\/\/amai.inage.gov.mz\/index.php?rest_route=\/wp\/v2\/pages"}],"about":[{"href":"https:\/\/amai.inage.gov.mz\/index.php?rest_route=\/wp\/v2\/types\/page"}],"author":[{"embeddable":true,"href":"https:\/\/amai.inage.gov.mz\/index.php?rest_route=\/wp\/v2\/users\/1"}],"replies":[{"embeddable":true,"href":"https:\/\/amai.inage.gov.mz\/index.php?rest_route=%2Fwp%2Fv2%2Fcomments&post=973"}],"version-history":[{"count":0,"href":"https:\/\/amai.inage.gov.mz\/index.php?rest_route=\/wp\/v2\/pages\/973\/revisions"}],"wp:attachment":[{"href":"https:\/\/amai.inage.gov.mz\/index.php?rest_route=%2Fwp%2Fv2%2Fmedia&parent=973"}],"curies":[{"name":"wp","href":"https:\/\/api.w.org\/{rel}","templated":true}]}}