{"id":700,"date":"2025-12-19T13:01:17","date_gmt":"2025-12-19T13:01:17","guid":{"rendered":"https:\/\/amai.inage.gov.mz\/?page_id=700"},"modified":"2025-12-19T13:01:17","modified_gmt":"2025-12-19T13:01:17","slug":"o-que-e-amai","status":"publish","type":"page","link":"https:\/\/amai.inage.gov.mz\/?page_id=700","title":{"rendered":"O Que \u00e9 AMAI?"},"content":{"rendered":"<p>A AMAI \u00e9 uma organiza\u00e7\u00e3o de profissionais de auditoria e controlo interno, sem fins lucrativos, de direito privado e de \u00e2mbito nacional.<br \/>Criada em 2005 por 24 membros fundadores e profissionais de v\u00e1rias \u00e1reas ligadas \u00e0 presta\u00e7\u00e3o de contas, foi registada como Associa\u00e7\u00e3o Mo\u00e7ambicana de Auditores Internos. Em 2010, passou a ser um dos cap\u00edtulos do IIA Global em \u00c1frica, tendo adoptado a designa\u00e7\u00e3o IIA &#8211; Mo\u00e7ambique.<br \/>Em finais de Abril do corrente ano, por delibera\u00e7\u00e3o da Assembleia Geral retornou \u00e0 designa\u00e7\u00e3o AMAI, em consequ\u00eancia de desafilia\u00e7\u00e3o pelo IIA Global.<\/p>\n","protected":false},"excerpt":{"rendered":"<p>A AMAI \u00e9 uma organiza\u00e7\u00e3o de profissionais de auditoria e controlo interno, sem fins lucrativos, de direito privado e de \u00e2mbito nacional.Criada em 2005 por 24 membros fundadores e profissionais de v\u00e1rias \u00e1reas ligadas \u00e0 presta\u00e7\u00e3o de contas, foi registada como Associa\u00e7\u00e3o Mo\u00e7ambicana de Auditores Internos. Em 2010, passou a ser um dos cap\u00edtulos do [&hellip;]<\/p>\n","protected":false},"author":1,"featured_media":0,"parent":0,"menu_order":0,"comment_status":"closed","ping_status":"closed","template":"","meta":{"footnotes":""},"class_list":["post-700","page","type-page","status-publish","hentry"],"_links":{"self":[{"href":"https:\/\/amai.inage.gov.mz\/index.php?rest_route=\/wp\/v2\/pages\/700","targetHints":{"allow":["GET"]}}],"collection":[{"href":"https:\/\/amai.inage.gov.mz\/index.php?rest_route=\/wp\/v2\/pages"}],"about":[{"href":"https:\/\/amai.inage.gov.mz\/index.php?rest_route=\/wp\/v2\/types\/page"}],"author":[{"embeddable":true,"href":"https:\/\/amai.inage.gov.mz\/index.php?rest_route=\/wp\/v2\/users\/1"}],"replies":[{"embeddable":true,"href":"https:\/\/amai.inage.gov.mz\/index.php?rest_route=%2Fwp%2Fv2%2Fcomments&post=700"}],"version-history":[{"count":0,"href":"https:\/\/amai.inage.gov.mz\/index.php?rest_route=\/wp\/v2\/pages\/700\/revisions"}],"wp:attachment":[{"href":"https:\/\/amai.inage.gov.mz\/index.php?rest_route=%2Fwp%2Fv2%2Fmedia&parent=700"}],"curies":[{"name":"wp","href":"https:\/\/api.w.org\/{rel}","templated":true}]}}