{"id":1200,"date":"2026-02-05T09:05:27","date_gmt":"2026-02-05T09:05:27","guid":{"rendered":"https:\/\/amai.inage.gov.mz\/?page_id=1200"},"modified":"2026-02-05T09:05:29","modified_gmt":"2026-02-05T09:05:29","slug":"formacoes","status":"publish","type":"page","link":"https:\/\/amai.inage.gov.mz\/?page_id=1200","title":{"rendered":"Forma\u00e7\u00f5es"},"content":{"rendered":"\n<h2 class=\"wp-block-heading\">Forma\u00e7\u00f5es<\/h2>\n\n\n\n<p>As ac\u00e7\u00f5es de forma\u00e7\u00e3o da AMAI ser\u00e3o ministradas por formadores nacionais e internacionais de reconhecida experi\u00eancia.<br><br>Os nacionais encontram-se cadastrados na nossa base de dados, no que se refere aos internacionais, existe uma parceria com as nossas cong\u00e9neres de Brasil e Portugal que nos garantem formadores com certifica\u00e7\u00f5es internacionais emitidas e acreditadas pelo IIA Global dos Estados Unidos da Am\u00e9rica, h\u00e1 mais de 10 anos, nomeadamente; CIA, CCSA, CGAP, CRMA formadores com curricula reconhecidos internacionalmente.<br><br>Na maioria dos casos as ac\u00e7\u00f5es de forma\u00e7\u00e3o ministradas pela AMAI realizar-se-\u00e3o numa unidade hoteleira na Cidade de Maputo, caso a institui\u00e7\u00e3o possua um n\u00famero elevado de formandos, e se assim o desejar, a equipa de formadores deslocar-se-\u00e1 as instala\u00e7\u00f5es do cliente.<\/p>\n","protected":false},"excerpt":{"rendered":"<p>Forma\u00e7\u00f5es As ac\u00e7\u00f5es de forma\u00e7\u00e3o da AMAI ser\u00e3o ministradas por formadores nacionais e internacionais de reconhecida experi\u00eancia. Os nacionais encontram-se cadastrados na nossa base de dados, no que se refere aos internacionais, existe uma parceria com as nossas cong\u00e9neres de Brasil e Portugal que nos garantem formadores com certifica\u00e7\u00f5es internacionais emitidas e acreditadas pelo IIA [&hellip;]<\/p>\n","protected":false},"author":1,"featured_media":1201,"parent":0,"menu_order":0,"comment_status":"closed","ping_status":"closed","template":"","meta":{"footnotes":""},"class_list":["post-1200","page","type-page","status-publish","has-post-thumbnail","hentry"],"_links":{"self":[{"href":"https:\/\/amai.inage.gov.mz\/index.php?rest_route=\/wp\/v2\/pages\/1200","targetHints":{"allow":["GET"]}}],"collection":[{"href":"https:\/\/amai.inage.gov.mz\/index.php?rest_route=\/wp\/v2\/pages"}],"about":[{"href":"https:\/\/amai.inage.gov.mz\/index.php?rest_route=\/wp\/v2\/types\/page"}],"author":[{"embeddable":true,"href":"https:\/\/amai.inage.gov.mz\/index.php?rest_route=\/wp\/v2\/users\/1"}],"replies":[{"embeddable":true,"href":"https:\/\/amai.inage.gov.mz\/index.php?rest_route=%2Fwp%2Fv2%2Fcomments&post=1200"}],"version-history":[{"count":1,"href":"https:\/\/amai.inage.gov.mz\/index.php?rest_route=\/wp\/v2\/pages\/1200\/revisions"}],"predecessor-version":[{"id":1202,"href":"https:\/\/amai.inage.gov.mz\/index.php?rest_route=\/wp\/v2\/pages\/1200\/revisions\/1202"}],"wp:featuredmedia":[{"embeddable":true,"href":"https:\/\/amai.inage.gov.mz\/index.php?rest_route=\/wp\/v2\/media\/1201"}],"wp:attachment":[{"href":"https:\/\/amai.inage.gov.mz\/index.php?rest_route=%2Fwp%2Fv2%2Fmedia&parent=1200"}],"curies":[{"name":"wp","href":"https:\/\/api.w.org\/{rel}","templated":true}]}}